{"id":39,"date":"2008-02-18T22:29:00","date_gmt":"2008-02-18T21:29:00","guid":{"rendered":"http:\/\/xinoxano.orientacio.org\/?page_id=39"},"modified":"2010-12-20T20:44:29","modified_gmt":"2010-12-20T19:44:29","slug":"album-de-fotos","status":"publish","type":"page","link":"https:\/\/xinoxano.orientacio.org\/wordpress\/?page_id=39","title":{"rendered":"\u00c0lbum de fotos"},"content":{"rendered":"<p style=\"text-align: left; padding-left: 90px;\">Aqu\u00ed trobareu les fotos de les curses que organitzem.<\/p>\n<p style=\"text-align: left; padding-left: 90px;\"><strong>I tamb\u00e9 al nostre <a href=\"http:\/\/picasaweb.google.com\/xinoxano.o\" target=\"_blank\">\u00c0lbum de Picasa<\/a>.<\/strong><\/p>\n<p style=\"text-align: left; padding-left: 90px;\"><strong><br \/>\n<\/strong><\/p>\n<p>[album=2,extend]<\/p>\n","protected":false},"excerpt":{"rendered":"<p>Aqu\u00ed trobareu les fotos de les curses que organitzem. I tamb\u00e9 al nostre \u00c0lbum de Picasa. [album=2,extend]<\/p>\n","protected":false},"author":2,"featured_media":0,"parent":0,"menu_order":3,"comment_status":"closed","ping_status":"closed","template":"","meta":{"footnotes":""},"_links":{"self":[{"href":"https:\/\/xinoxano.orientacio.org\/wordpress\/index.php?rest_route=\/wp\/v2\/pages\/39"}],"collection":[{"href":"https:\/\/xinoxano.orientacio.org\/wordpress\/index.php?rest_route=\/wp\/v2\/pages"}],"about":[{"href":"https:\/\/xinoxano.orientacio.org\/wordpress\/index.php?rest_route=\/wp\/v2\/types\/page"}],"author":[{"embeddable":true,"href":"https:\/\/xinoxano.orientacio.org\/wordpress\/index.php?rest_route=\/wp\/v2\/users\/2"}],"replies":[{"embeddable":true,"href":"https:\/\/xinoxano.orientacio.org\/wordpress\/index.php?rest_route=%2Fwp%2Fv2%2Fcomments&post=39"}],"version-history":[{"count":6,"href":"https:\/\/xinoxano.orientacio.org\/wordpress\/index.php?rest_route=\/wp\/v2\/pages\/39\/revisions"}],"predecessor-version":[{"id":315,"href":"https:\/\/xinoxano.orientacio.org\/wordpress\/index.php?rest_route=\/wp\/v2\/pages\/39\/revisions\/315"}],"wp:attachment":[{"href":"https:\/\/xinoxano.orientacio.org\/wordpress\/index.php?rest_route=%2Fwp%2Fv2%2Fmedia&parent=39"}],"curies":[{"name":"wp","href":"https:\/\/api.w.org\/{rel}","templated":true}]}}