{"id":2,"date":"2007-12-01T00:42:34","date_gmt":"2007-12-01T08:42:34","guid":{"rendered":""},"modified":"2016-01-05T15:50:13","modified_gmt":"2016-01-05T14:50:13","slug":"about","status":"publish","type":"page","link":"https:\/\/xinoxano.orientacio.org\/wordpress\/?page_id=2","title":{"rendered":"Una mica d&#8217;hist\u00f2ria"},"content":{"rendered":"<p>El club Xinoxano va ser fundat el 1998.<\/p>\n<p>Portem ja m\u00e9s de 15 anys de tradici\u00f3 orientadora.<\/p>\n<p>Vam comen\u00e7ar organitzant les nostres curses a la Cerdanya i Bergued\u00e0 i ja n&#8217;hem fet\u00a0per l&#8217;Alt Urgell, Bages, les Garrigues, Tarragona&#8230;<\/p>\n<p>Som un club obert, format per amics\u00a0d&#8217;arreu de Catalunya.<\/p>\n<p><a href=\"http:\/\/xinoxano.orientacio.org\/wordpress\/wp-content\/uploads\/2007\/12\/xinoxano-lles05.jpg\"><img loading=\"lazy\" decoding=\"async\" class=\" wp-image-638 alignleft\" src=\"http:\/\/xinoxano.orientacio.org\/wordpress\/wp-content\/uploads\/2007\/12\/xinoxano-lles05.jpg\" alt=\"xinoxano lles05\" width=\"686\" height=\"270\" srcset=\"https:\/\/xinoxano.orientacio.org\/wordpress\/wp-content\/uploads\/2007\/12\/xinoxano-lles05.jpg 1144w, https:\/\/xinoxano.orientacio.org\/wordpress\/wp-content\/uploads\/2007\/12\/xinoxano-lles05-300x118.jpg 300w, https:\/\/xinoxano.orientacio.org\/wordpress\/wp-content\/uploads\/2007\/12\/xinoxano-lles05-1024x402.jpg 1024w\" sizes=\"(max-width: 686px) 100vw, 686px\" \/><\/a><\/p>\n","protected":false},"excerpt":{"rendered":"<p>El club Xinoxano va ser fundat el 1998. Portem ja m\u00e9s de 15 anys de tradici\u00f3 orientadora. Vam comen\u00e7ar organitzant les nostres curses a la Cerdanya i Bergued\u00e0 i ja n&#8217;hem fet\u00a0per l&#8217;Alt Urgell, Bages, les Garrigues, Tarragona&#8230; Som un &hellip; <a href=\"https:\/\/xinoxano.orientacio.org\/wordpress\/?page_id=2\">Continua llegint <span class=\"meta-nav\">&rarr;<\/span><\/a><\/p>\n","protected":false},"author":2,"featured_media":0,"parent":0,"menu_order":1,"comment_status":"closed","ping_status":"closed","template":"","meta":{"footnotes":""},"_links":{"self":[{"href":"https:\/\/xinoxano.orientacio.org\/wordpress\/index.php?rest_route=\/wp\/v2\/pages\/2"}],"collection":[{"href":"https:\/\/xinoxano.orientacio.org\/wordpress\/index.php?rest_route=\/wp\/v2\/pages"}],"about":[{"href":"https:\/\/xinoxano.orientacio.org\/wordpress\/index.php?rest_route=\/wp\/v2\/types\/page"}],"author":[{"embeddable":true,"href":"https:\/\/xinoxano.orientacio.org\/wordpress\/index.php?rest_route=\/wp\/v2\/users\/2"}],"replies":[{"embeddable":true,"href":"https:\/\/xinoxano.orientacio.org\/wordpress\/index.php?rest_route=%2Fwp%2Fv2%2Fcomments&post=2"}],"version-history":[{"count":10,"href":"https:\/\/xinoxano.orientacio.org\/wordpress\/index.php?rest_route=\/wp\/v2\/pages\/2\/revisions"}],"predecessor-version":[{"id":876,"href":"https:\/\/xinoxano.orientacio.org\/wordpress\/index.php?rest_route=\/wp\/v2\/pages\/2\/revisions\/876"}],"wp:attachment":[{"href":"https:\/\/xinoxano.orientacio.org\/wordpress\/index.php?rest_route=%2Fwp%2Fv2%2Fmedia&parent=2"}],"curies":[{"name":"wp","href":"https:\/\/api.w.org\/{rel}","templated":true}]}}