{"id":14,"date":"2007-12-09T23:12:09","date_gmt":"2007-12-09T22:12:09","guid":{"rendered":"http:\/\/xinoxano.orientacio.org\/?page_id=14"},"modified":"2016-01-05T15:55:52","modified_gmt":"2016-01-05T14:55:52","slug":"fer-se-soci","status":"publish","type":"page","link":"https:\/\/xinoxano.orientacio.org\/wordpress\/?page_id=14","title":{"rendered":"Fer-se soci"},"content":{"rendered":"<p>El Club Esportiu Xinoxano Orientaci\u00f3 som una colla d&#8217;amics, que gaudim de les curses d&#8217;orientaci\u00f3, tant participant com organitzant-les.<\/p>\n<p>Si t&#8217;agrada el nostre esport, no ho dubtis, Xinoxano Orientaci\u00f3 \u00e9s el teu club.<\/p>\n<div>Adjuntem un arxiu PDF amb la carta d&#8217;inici de temporada dirigida als socis del club.<\/div>\n<div>En aquesta carta trobar\u00e0s molta informaci\u00f3 sobre les llic\u00e8ncies, quotes i com fer-te soci.<\/div>\n<div><\/div>\n<div style=\"text-align: center;\"><a href=\"http:\/\/xinoxano.orientacio.org\/wordpress\/wp-content\/uploads\/2007\/12\/carta-inici-temp16.pdf\" target=\"_blank\" rel=\"\">Carta inici temporada 2016<\/a><\/div>\n<p>I aqu\u00ed deixem uns enlla\u00e7os sobre les curses d&#8217;orientaci\u00f3 i un video d&#8217;una cursa organitzada per nosaltres:<\/p>\n<ul>\n<li><a href=\"http:\/\/www.youtube.com\/watch?v=rF34oSmT9Wg\" target=\"_blank\">Que s\u00f3n les curses d&#8217;orientaci\u00f3?<\/a>\u00a0(primer d&#8217;una s\u00e8rie de 3 videos que ha fet el Club Orientaci\u00f3 Araba)<\/li>\n<li><a href=\"http:\/\/www.youtube.com\/watch?v=vQpePfy73rw\" target=\"_blank\">Cursa de relleus d&#8217;orientaci\u00f3 Jukola 2011<\/a>\u00a0(una de les m\u00e9s o la m\u00e9s \u00a0important del m\u00f3n, diversos membres del club hi han participat)<\/li>\n<li><a href=\"http:\/\/www.youtube.com\/watch?v=nTrPuUg0IrQ&amp;feature=related\" target=\"_blank\">Cursa organitzada pel Xinoxano a Sant Jaume de Frontany\u00e0 al 2010<\/a><\/li>\n<\/ul>\n<hr \/>\n<h4><strong>Per qualsevol dubte envia&#8217;ns un correu electr\u00f2nic a la seg\u00fcent adre\u00e7a:<\/strong><\/h4>\n<blockquote>\n<h4><a href=\"mailto:xinoxano.o@gmail.com\">xinoxano.o@gmail.com<\/a><\/h4>\n<\/blockquote>\n<h4><strong>Estarem encantats d&#8217;acollir-te al nostre club.<\/strong><\/h4>\n","protected":false},"excerpt":{"rendered":"<p>El Club Esportiu Xinoxano Orientaci\u00f3 som una colla d&#8217;amics, que gaudim de les curses d&#8217;orientaci\u00f3, tant participant com organitzant-les. Si t&#8217;agrada el nostre esport, no ho dubtis, Xinoxano Orientaci\u00f3 \u00e9s el teu club. Adjuntem un arxiu PDF amb la carta &hellip; <a href=\"https:\/\/xinoxano.orientacio.org\/wordpress\/?page_id=14\">Continua llegint <span class=\"meta-nav\">&rarr;<\/span><\/a><\/p>\n","protected":false},"author":2,"featured_media":0,"parent":0,"menu_order":1,"comment_status":"closed","ping_status":"closed","template":"","meta":{"footnotes":""},"_links":{"self":[{"href":"https:\/\/xinoxano.orientacio.org\/wordpress\/index.php?rest_route=\/wp\/v2\/pages\/14"}],"collection":[{"href":"https:\/\/xinoxano.orientacio.org\/wordpress\/index.php?rest_route=\/wp\/v2\/pages"}],"about":[{"href":"https:\/\/xinoxano.orientacio.org\/wordpress\/index.php?rest_route=\/wp\/v2\/types\/page"}],"author":[{"embeddable":true,"href":"https:\/\/xinoxano.orientacio.org\/wordpress\/index.php?rest_route=\/wp\/v2\/users\/2"}],"replies":[{"embeddable":true,"href":"https:\/\/xinoxano.orientacio.org\/wordpress\/index.php?rest_route=%2Fwp%2Fv2%2Fcomments&post=14"}],"version-history":[{"count":22,"href":"https:\/\/xinoxano.orientacio.org\/wordpress\/index.php?rest_route=\/wp\/v2\/pages\/14\/revisions"}],"predecessor-version":[{"id":1285,"href":"https:\/\/xinoxano.orientacio.org\/wordpress\/index.php?rest_route=\/wp\/v2\/pages\/14\/revisions\/1285"}],"wp:attachment":[{"href":"https:\/\/xinoxano.orientacio.org\/wordpress\/index.php?rest_route=%2Fwp%2Fv2%2Fmedia&parent=14"}],"curies":[{"name":"wp","href":"https:\/\/api.w.org\/{rel}","templated":true}]}}