{"id":1348,"date":"2021-09-25T20:10:41","date_gmt":"2021-09-25T18:10:41","guid":{"rendered":"http:\/\/xinoxano.orientacio.org\/wordpress\/?page_id=1348"},"modified":"2021-10-12T13:14:17","modified_gmt":"2021-10-12T11:14:17","slug":"protocol-covid-19","status":"publish","type":"page","link":"https:\/\/xinoxano.orientacio.org\/wordpress\/?page_id=1348","title":{"rendered":""},"content":{"rendered":"\n<div class=\"wp-block-buttons is-content-justification-center is-layout-flex wp-block-buttons-is-layout-flex\">\n<div class=\"wp-block-button is-style-outline\"><a class=\"wp-block-button__link has-white-background-color has-background\" href=\"http:\/\/xinoxano.orientacio.org\/wordpress\/?page_id=1297\" style=\"border-radius:4px\">Programa<\/a><\/div>\n\n\n\n<div class=\"wp-block-button is-style-outline\"><a class=\"wp-block-button__link has-black-color has-white-background-color has-text-color has-background\" href=\"http:\/\/xinoxano.orientacio.org\/wordpress\/?page_id=1314\" style=\"border-radius:4px\">Inscripcions<\/a><\/div>\n\n\n\n<div class=\"wp-block-button is-style-outline\"><a class=\"wp-block-button__link has-black-color has-white-background-color has-text-color has-background\" href=\"http:\/\/xinoxano.orientacio.org\/wordpress\/?page_id=1324\" style=\"border-radius:4px\">Localitzaci\u00f3 i Acc\u00e9s<\/a><\/div>\n\n\n\n<div class=\"wp-block-button is-style-fill\"><a class=\"wp-block-button__link has-white-color has-black-background-color has-text-color has-background\" href=\"http:\/\/xinoxano.orientacio.org\/wordpress\/?page_id=1348\" style=\"border-radius:4px\">Protocol COVID-19<\/a><\/div>\n\n\n\n<div class=\"wp-block-button is-style-outline\"><a class=\"wp-block-button__link has-black-color has-white-background-color has-text-color has-background\" href=\"http:\/\/xinoxano.orientacio.org\/wordpress\/?page_id=1328\" style=\"border-radius:4px\">Informaci\u00f3 General<\/a><\/div>\n\n\n\n<div class=\"wp-block-button is-style-outline\"><a class=\"wp-block-button__link\" href=\"http:\/\/xinoxano.orientacio.org\/wordpress\/?page_id=1333\" style=\"border-radius:4px\">Informaci\u00f3 T\u00e8cnica<\/a><\/div>\n<\/div>\n\n\n\n<hr class=\"wp-block-separator is-style-wide\"\/>\n\n\n\n<p><strong>PREVENCI\u00d3 DE CONTAGI DEL COVID-19<\/strong><\/p>\n\n\n\n<p>S\u2019estableix un&nbsp; protocol que segueix les directrius marcades en el <a href=\"https:\/\/drive.google.com\/file\/d\/1zYsgU_al-MPuu632FoxA7lYCZYjUC0le\/view\" target=\"_blank\" rel=\"noreferrer noopener\">Protocol FCOC&nbsp; per a la minoraci\u00f3 del risc de contagi de Covid-19<\/a>.&nbsp;<\/p>\n\n\n\n<p class=\"has-text-align-center\"><\/p>\n\n\n\n<p class=\"has-text-align-center\"><a href=\"https:\/\/drive.google.com\/file\/d\/1hZFQ737bz9G6cttXe7OBBKFxKJ5mx21w\/view?usp=sharing\" target=\"_blank\" rel=\"noreferrer noopener\">Protocol COVID-19 per les curses de Bellver<\/a> <strong>(IMPORTANT LLEGIR!!!!)<\/strong><\/p>\n\n\n\n<p>Des del club apel\u00b7lem a la responsabilitat individual per respectar l\u2019esmentat protocol i els 3 punts b\u00e0sics seg\u00fcents en tota la zona de competici\u00f3:<\/p>\n\n\n\n<ul><li>Dist\u00e0ncia, evitar formar grups.<\/li><li>Mascareta sempre, excepte durant la cursa.<\/li><li>Higiene de mans. Hi haur\u00e0 gels hidroalcoh\u00f2lics en els llocs principals. <\/li><\/ul>\n\n\n\n<p><\/p>\n","protected":false},"excerpt":{"rendered":"<p>PREVENCI\u00d3 DE CONTAGI DEL COVID-19 S\u2019estableix un&nbsp; protocol que segueix les directrius marcades en el Protocol FCOC&nbsp; per a la minoraci\u00f3 del risc de contagi de Covid-19.&nbsp; Protocol COVID-19 per les curses de Bellver (IMPORTANT LLEGIR!!!!) Des del club apel\u00b7lem &hellip; <a href=\"https:\/\/xinoxano.orientacio.org\/wordpress\/?page_id=1348\">Continua llegint <span class=\"meta-nav\">&rarr;<\/span><\/a><\/p>\n","protected":false},"author":2,"featured_media":0,"parent":0,"menu_order":0,"comment_status":"closed","ping_status":"closed","template":"","meta":{"footnotes":""},"_links":{"self":[{"href":"https:\/\/xinoxano.orientacio.org\/wordpress\/index.php?rest_route=\/wp\/v2\/pages\/1348"}],"collection":[{"href":"https:\/\/xinoxano.orientacio.org\/wordpress\/index.php?rest_route=\/wp\/v2\/pages"}],"about":[{"href":"https:\/\/xinoxano.orientacio.org\/wordpress\/index.php?rest_route=\/wp\/v2\/types\/page"}],"author":[{"embeddable":true,"href":"https:\/\/xinoxano.orientacio.org\/wordpress\/index.php?rest_route=\/wp\/v2\/users\/2"}],"replies":[{"embeddable":true,"href":"https:\/\/xinoxano.orientacio.org\/wordpress\/index.php?rest_route=%2Fwp%2Fv2%2Fcomments&post=1348"}],"version-history":[{"count":14,"href":"https:\/\/xinoxano.orientacio.org\/wordpress\/index.php?rest_route=\/wp\/v2\/pages\/1348\/revisions"}],"predecessor-version":[{"id":1545,"href":"https:\/\/xinoxano.orientacio.org\/wordpress\/index.php?rest_route=\/wp\/v2\/pages\/1348\/revisions\/1545"}],"wp:attachment":[{"href":"https:\/\/xinoxano.orientacio.org\/wordpress\/index.php?rest_route=%2Fwp%2Fv2%2Fmedia&parent=1348"}],"curies":[{"name":"wp","href":"https:\/\/api.w.org\/{rel}","templated":true}]}}