{"id":1328,"date":"2021-09-25T19:57:24","date_gmt":"2021-09-25T17:57:24","guid":{"rendered":"http:\/\/xinoxano.orientacio.org\/wordpress\/?page_id=1328"},"modified":"2021-10-20T22:15:09","modified_gmt":"2021-10-20T20:15:09","slug":"centre-de-competicio","status":"publish","type":"page","link":"https:\/\/xinoxano.orientacio.org\/wordpress\/?page_id=1328","title":{"rendered":""},"content":{"rendered":"\n<div class=\"wp-block-buttons is-content-justification-center is-layout-flex wp-block-buttons-is-layout-flex\">\n<div class=\"wp-block-button is-style-outline\"><a class=\"wp-block-button__link has-white-background-color has-background\" href=\"http:\/\/xinoxano.orientacio.org\/wordpress\/?page_id=1297\" style=\"border-radius:4px\">Programa<\/a><\/div>\n\n\n\n<div class=\"wp-block-button is-style-outline\"><a class=\"wp-block-button__link has-black-color has-white-background-color has-text-color has-background\" href=\"http:\/\/xinoxano.orientacio.org\/wordpress\/?page_id=1314\" style=\"border-radius:4px\">Inscripcions<\/a><\/div>\n\n\n\n<div class=\"wp-block-button is-style-outline\"><a class=\"wp-block-button__link has-black-color has-white-background-color has-text-color has-background\" href=\"http:\/\/xinoxano.orientacio.org\/wordpress\/?page_id=1324\" style=\"border-radius:4px\">Localitzaci\u00f3 i Acc\u00e9s<\/a><\/div>\n\n\n\n<div class=\"wp-block-button is-style-outline\"><a class=\"wp-block-button__link has-black-color has-white-background-color has-text-color has-background\" href=\"http:\/\/xinoxano.orientacio.org\/wordpress\/?page_id=1348\" style=\"border-radius:4px\">Protocol COVID-19<\/a><\/div>\n\n\n\n<div class=\"wp-block-button is-style-fill\"><a class=\"wp-block-button__link has-white-color has-black-background-color has-text-color has-background\" href=\"http:\/\/xinoxano.orientacio.org\/wordpress\/?page_id=1328\" style=\"border-radius:4px\">Informaci\u00f3 General<\/a><\/div>\n\n\n\n<div class=\"wp-block-button is-style-outline\"><a class=\"wp-block-button__link\" href=\"http:\/\/xinoxano.orientacio.org\/wordpress\/?page_id=1333\" style=\"border-radius:4px\">Informaci\u00f3 T\u00e8cnica<\/a><\/div>\n<\/div>\n\n\n\n<hr class=\"wp-block-separator is-style-wide\"\/>\n\n\n\n<p><\/p>\n\n\n\n<p><strong>CENTRE DE COMPETICI\u00d3<\/strong><\/p>\n\n\n\n<p>El centre de competici\u00f3 es troba al costat de l\u2019aparcament i ofereix els seg\u00fcents serveis per la cursa:<\/p>\n\n\n\n<ul><li>WC&nbsp;<\/li><li>Primers auxilis<\/li><\/ul>\n\n\n\n<p><strong>DORSALS I INCID\u00c8NCIES<\/strong><\/p>\n\n\n\n<p>No hi haur\u00e0 dorsals.<\/p>\n\n\n\n<p>Es publicar\u00e0 via web un llistat on estaran marcats els corredors que tinguin alguna incid\u00e8ncia i hagin de passar per la taula d\u2019inscripcions. Un cop resolta la incid\u00e8ncia se\u2019ls donar\u00e0 un comprovant que hauran d\u2019entregar a la zona de sortida per poder iniciar la cursa.<\/p>\n\n\n\n<p><strong>CORREXIC<\/strong><\/p>\n\n\n\n<p>Es muntar\u00e0 cursa Correxic per als m\u00e9s petits els dos dies de competici\u00f3.<\/p>\n\n\n\n<p><strong>SORTIDES<\/strong><\/p>\n\n\n\n<p>El Campionat de Catalunya de Mitja Dist\u00e0ncia (dissabte) tindr\u00e0 2 sortides, una propera al centre de competici\u00f3, a uns 10 minuts (600 m. \/ 30 m. desnivell) seguint la carretera amunt, i l\u2019altra a uns 20-25 minuts (800 m. \/ 160 m. desnivell) amb una presortida de -30 minuts. A la informaci\u00f3 t\u00e8cnica s&#8217;especifica la sortida que correspon a cada categoria.<\/p>\n\n\n\n<p>La cursa de Copa Catalana de diumenge tindr\u00e0 la zona de sortides a uns 1000 m. \/ 30 m. desnivell (10-15 min.) des del centre de competici\u00f3, amb una presortida de -20 minuts.<\/p>\n\n\n\n<p><strong>HORES DE SORTIDA&nbsp;<\/strong><\/p>\n\n\n\n<p>Dijous 21 d\u2019octubre es publicaran les hores de sortida a la web.<strong>&nbsp;<\/strong><\/p>\n\n\n\n<p><strong>ARRIBADES<\/strong><\/p>\n\n\n\n<p>Els dos dies l\u2019arribada estar\u00e0 propera al centre de competici\u00f3.<\/p>\n\n\n\n<p>No us oblideu de descarregar el vostre SportIdent al centre de competici\u00f3.<\/p>\n\n\n\n<p><strong>AVITUALLAMENT<\/strong><\/p>\n\n\n\n<p>Hi haur\u00e0 avituallament l\u00edquid a la cursa de llarga dist\u00e0ncia. Preguem que nom\u00e9s agafeu una ampolla per corredor, que buideu l&#8217;aigua sobrant i que dipositeu l&#8217;ampolla buida a la bossa d&#8217;escombraries (prohibit treure l\u2019ampolla de la zona d\u2019avituallament).&nbsp;<\/p>\n\n\n\n<p>A la zona d&#8217;arribada hi haur\u00e0 aigua en garrafes a la vostra disposici\u00f3. Recordeu de portar el vostre got.&nbsp;<\/p>\n\n\n\n<p><strong>CORREDORS RETIRATS<\/strong><\/p>\n\n\n\n<p>Pel control i per seguretat, si un corredor abandona la cursa \u00e9s <strong>OBLIGATORI<\/strong> notificar-ho al responsable d\u2019Sportident que es trobar\u00e0 al Centre de Competici\u00f3.<\/p>\n\n\n\n<p><strong>JOC NET<\/strong><\/p>\n\n\n\n<p>Excepte en cas d\u2019accident, est\u00e0 prohibit rebre assist\u00e8ncia d\u2019altres persones competidores o proporcionar assist\u00e8ncia a d\u2019altres persones durant la competici\u00f3. Ajudar les persones competidores lesionades \u00e9s obligatori per a totes les persones participants.<\/p>\n\n\n\n<p><strong>DIPLOMES<\/strong><\/p>\n\n\n\n<p>Es donaran els diplomes corresponents al Campionat de Catalunya de Mitja Dist\u00e0ncia als tres primers classificats (categories H\/DE). No hi haur\u00e0 entrega de premis per la resta de categories ni a la cursa de Copa Catalana de diumenge.<\/p>\n\n\n\n<p><\/p>\n\n\n\n<p><strong>EQUIP T\u00c8CNIC<\/strong><\/p>\n\n\n\n<p>Director de cursa: Marc Canals<\/p>\n\n\n\n<p>Cart\u00f2grafs: Mapa nou: Marc Canals, Jordi Graell. Mapa antic Marc Canals, Felip Gili (revisat XXO)<\/p>\n\n\n\n<p>Tra\u00e7ats: Marc Canals<\/p>\n\n\n\n<p>Sportident: Abel Ledesma<\/p>\n\n\n\n<p>Responsable Inscripcions: Montse Buscart<\/p>\n\n\n\n<p>Responsable Sortides: Jordi Graell<\/p>\n\n\n\n<p>Responsable Arribades: Sandra Rabassa<\/p>\n\n\n\n<p>Responsable COVID: Seta Graell<\/p>\n\n\n\n<p><strong>JURAT T\u00c8CNIC<\/strong><\/p>\n\n\n\n<p>Controlador \/a: &#8211;<\/p>\n\n\n\n<p>Corredor\/a de la categoria elit:\u00a0Ampa Gil<\/p>\n\n\n\n<p>Corredor\/a d\u2019una altra categoria oficial:\u00a0Lle\u00ed Viles (H35) i Gemma Sol\u00e9 (D45) <\/p>\n\n\n\n<p>Representant del club: Abel Ledesma<\/p>\n","protected":false},"excerpt":{"rendered":"<p>CENTRE DE COMPETICI\u00d3 El centre de competici\u00f3 es troba al costat de l\u2019aparcament i ofereix els seg\u00fcents serveis per la cursa: WC&nbsp; Primers auxilis DORSALS I INCID\u00c8NCIES No hi haur\u00e0 dorsals. Es publicar\u00e0 via web un llistat on estaran marcats &hellip; <a href=\"https:\/\/xinoxano.orientacio.org\/wordpress\/?page_id=1328\">Continua llegint <span class=\"meta-nav\">&rarr;<\/span><\/a><\/p>\n","protected":false},"author":2,"featured_media":0,"parent":0,"menu_order":0,"comment_status":"closed","ping_status":"closed","template":"","meta":{"footnotes":""},"_links":{"self":[{"href":"https:\/\/xinoxano.orientacio.org\/wordpress\/index.php?rest_route=\/wp\/v2\/pages\/1328"}],"collection":[{"href":"https:\/\/xinoxano.orientacio.org\/wordpress\/index.php?rest_route=\/wp\/v2\/pages"}],"about":[{"href":"https:\/\/xinoxano.orientacio.org\/wordpress\/index.php?rest_route=\/wp\/v2\/types\/page"}],"author":[{"embeddable":true,"href":"https:\/\/xinoxano.orientacio.org\/wordpress\/index.php?rest_route=\/wp\/v2\/users\/2"}],"replies":[{"embeddable":true,"href":"https:\/\/xinoxano.orientacio.org\/wordpress\/index.php?rest_route=%2Fwp%2Fv2%2Fcomments&post=1328"}],"version-history":[{"count":11,"href":"https:\/\/xinoxano.orientacio.org\/wordpress\/index.php?rest_route=\/wp\/v2\/pages\/1328\/revisions"}],"predecessor-version":[{"id":1704,"href":"https:\/\/xinoxano.orientacio.org\/wordpress\/index.php?rest_route=\/wp\/v2\/pages\/1328\/revisions\/1704"}],"wp:attachment":[{"href":"https:\/\/xinoxano.orientacio.org\/wordpress\/index.php?rest_route=%2Fwp%2Fv2%2Fmedia&parent=1328"}],"curies":[{"name":"wp","href":"https:\/\/api.w.org\/{rel}","templated":true}]}}