{"id":1241,"date":"2020-10-14T00:40:07","date_gmt":"2020-10-13T22:40:07","guid":{"rendered":"http:\/\/xinoxano.orientacio.org\/wordpress\/?page_id=1241"},"modified":"2021-09-19T20:00:21","modified_gmt":"2021-09-19T18:00:21","slug":"ajornament-bellver-2020","status":"publish","type":"page","link":"https:\/\/xinoxano.orientacio.org\/wordpress\/?page_id=1241","title":{"rendered":"Ajornament Bellver 2020"},"content":{"rendered":"\n<p>Benvolguts orientadors,<br><br>Arrel de les darreres comunicacions publicades en relaci\u00f3 de l&#8217;evoluci\u00f3 de la pand\u00e8mia i, despr\u00e9s de reunir-nos amb la junta de la Federaci\u00f3 de Curses d&#8217;Orientaci\u00f3 de Catalunya, ens sap greu comunicar-vos que ens veiem obligats a ajornar les curses previstes per aquest proper cap de setmana a Bellver de Cerdanya.<br><br>Actualment les dades s&#8217;estan disparant i des de PROCICAT volen reduir la mobilitat sobre el territori. \u00c9s per aix\u00f2 que han em\u00e8s una resoluci\u00f3&nbsp;ajornant tota activitat durant 15 dies. A partir d&#8217;aqu\u00ed, aquesta resoluci\u00f3 ha d&#8217;anar al jutjat, on pot ser ratificada totalment o modificada. Posteriorment es publicar\u00e0 al DOGC i entrar\u00e0 en vigor.<br>Aix\u00f2 vol dir que fins dijous o divendres, no sabrem al 100% el resultat de la resoluci\u00f3. Com a club, juntament amb la Federaci\u00f3, creiem que&nbsp;no podem esperar fins aquest dia per saber si podem o no organitzar les curses programades, amb tot el que comporta com a club organitzador i com a participants (anul\u00b7lacions d&#8217;allotjaments, despla\u00e7aments, log\u00edstica&#8230;).<\/p>\n\n\n\n<p>Des d&#8217;ara mateix ja estem treballant per reubicar les curses dins del calendari oficial de curses d&#8217;orientaci\u00f3. De seguida que ho tinguem decidit us ho farem saber.<br>Pel que fa a les inscripcions d&#8217;aquells que no pugueu&nbsp;venir a les noves dates, ja se us informar\u00e0 de com es far\u00e0 l&#8217;abonament de l&#8217;import&nbsp;pagat.<br>El nostre club \u00e9s el primer que lamenta l&#8217;ajornament d&#8217;aquest esdeveniment.Esperem retrobar-nos aviat.<br><br>Salut,<br><br>Marc Canals Borr\u00e0s<br>President Club Esportiu Xinoxano Orientaci\u00f3<\/p>\n","protected":false},"excerpt":{"rendered":"<p>Benvolguts orientadors, Arrel de les darreres comunicacions publicades en relaci\u00f3 de l&#8217;evoluci\u00f3 de la pand\u00e8mia i, despr\u00e9s de reunir-nos amb la junta de la Federaci\u00f3 de Curses d&#8217;Orientaci\u00f3 de Catalunya, ens sap greu comunicar-vos que ens veiem obligats a ajornar &hellip; <a href=\"https:\/\/xinoxano.orientacio.org\/wordpress\/?page_id=1241\">Continua llegint <span class=\"meta-nav\">&rarr;<\/span><\/a><\/p>\n","protected":false},"author":2,"featured_media":0,"parent":0,"menu_order":0,"comment_status":"closed","ping_status":"closed","template":"","meta":{"footnotes":""},"_links":{"self":[{"href":"https:\/\/xinoxano.orientacio.org\/wordpress\/index.php?rest_route=\/wp\/v2\/pages\/1241"}],"collection":[{"href":"https:\/\/xinoxano.orientacio.org\/wordpress\/index.php?rest_route=\/wp\/v2\/pages"}],"about":[{"href":"https:\/\/xinoxano.orientacio.org\/wordpress\/index.php?rest_route=\/wp\/v2\/types\/page"}],"author":[{"embeddable":true,"href":"https:\/\/xinoxano.orientacio.org\/wordpress\/index.php?rest_route=\/wp\/v2\/users\/2"}],"replies":[{"embeddable":true,"href":"https:\/\/xinoxano.orientacio.org\/wordpress\/index.php?rest_route=%2Fwp%2Fv2%2Fcomments&post=1241"}],"version-history":[{"count":2,"href":"https:\/\/xinoxano.orientacio.org\/wordpress\/index.php?rest_route=\/wp\/v2\/pages\/1241\/revisions"}],"predecessor-version":[{"id":1263,"href":"https:\/\/xinoxano.orientacio.org\/wordpress\/index.php?rest_route=\/wp\/v2\/pages\/1241\/revisions\/1263"}],"wp:attachment":[{"href":"https:\/\/xinoxano.orientacio.org\/wordpress\/index.php?rest_route=%2Fwp%2Fv2%2Fmedia&parent=1241"}],"curies":[{"name":"wp","href":"https:\/\/api.w.org\/{rel}","templated":true}]}}