{"id":1227,"date":"2021-10-10T18:08:06","date_gmt":"2021-10-10T16:08:06","guid":{"rendered":"http:\/\/xinoxano.orientacio.org\/wordpress\/?page_id=1227"},"modified":"2021-10-25T20:51:49","modified_gmt":"2021-10-25T18:51:49","slug":"bellver-2021-dies-de-cursa","status":"publish","type":"page","link":"https:\/\/xinoxano.orientacio.org\/wordpress\/?page_id=1227","title":{"rendered":"Dies de Cursa"},"content":{"rendered":"\n<p class=\"has-text-align-center\">(<span class=\"has-inline-color has-medium-gray-color\">Aquesta p\u00e0gina cont\u00e9 contingut temporal i nom\u00e9s estar\u00e0 disponible els dies de cursa<\/span>)<\/p>\n\n\n\n<p><\/p>\n\n\n\n<p><\/p>\n\n\n\n<hr class=\"wp-block-separator is-style-wide\"\/>\n\n\n\n<div class=\"wp-block-buttons is-content-justification-center is-layout-flex wp-block-buttons-is-layout-flex\">\n<div class=\"wp-block-button is-style-outline\"><a class=\"wp-block-button__link\" href=\"https:\/\/drive.google.com\/file\/d\/13qATouX-pZLuRKSnJY7_KqiFlGZ-xNZs\/view?usp=sharing\" target=\"_blank\" rel=\"noreferrer noopener\"><span class=\"has-inline-color has-blue-color\">Hores de Sortida<\/span><\/a><\/div>\n<\/div>\n\n\n\n<p><\/p>\n\n\n\n<p><strong>Dissabte 23. Campionat de Catalunya Mitja dist\u00e0ncia<\/strong><\/p>\n\n\n\n<div class=\"wp-block-buttons is-content-justification-center is-layout-flex wp-block-buttons-is-layout-flex\">\n<div class=\"wp-block-button is-style-outline\"><a class=\"wp-block-button__link\" href=\"https:\/\/drive.google.com\/file\/d\/1-yCNlHFcGPNwICQ1d_ikcfFxdG4IVInr\/view?usp=sharing\" target=\"_blank\" rel=\"noreferrer noopener\"><strong><span class=\"has-inline-color has-blue-color\">Resultats <\/span><\/strong><\/a><\/div>\n\n\n\n<div class=\"wp-block-button is-style-outline\"><a class=\"wp-block-button__link\" href=\"https:\/\/drive.google.com\/file\/d\/1uEmfunll3aXjrDBpfKjPx-zYcMKYTpF7\/view?usp=sharing\" target=\"_blank\" rel=\"noreferrer noopener\"><strong><span class=\"has-inline-color has-blue-color\">Parcials<\/span><\/strong><\/a><\/div>\n<\/div>\n\n\n\n<div class=\"wp-block-buttons is-content-justification-center is-layout-flex wp-block-buttons-is-layout-flex\">\n<div class=\"wp-block-button is-style-outline\"><a class=\"wp-block-button__link\" href=\"https:\/\/forms.gle\/q25it9GZg2pkmBDXA\" target=\"_blank\" rel=\"noreferrer noopener\"><strong><span class=\"has-inline-color has-blue-color\">Inscripcions dia de cursa<\/span><\/strong><\/a><\/div>\n<\/div>\n\n\n\n<hr class=\"wp-block-separator is-style-wide\"\/>\n\n\n\n<p><strong>Diumenge 24. Copa Catalana Llarga dist\u00e0ncia<\/strong><\/p>\n\n\n\n<div class=\"wp-block-buttons is-content-justification-center is-layout-flex wp-block-buttons-is-layout-flex\">\n<div class=\"wp-block-button is-style-outline\"><a class=\"wp-block-button__link\" href=\"https:\/\/drive.google.com\/file\/d\/12gI-prQo2XqBk4iQiyA5TMbjo3BzWlIP\/view?usp=sharing\" target=\"_blank\" rel=\"noreferrer noopener\"><strong><span class=\"has-inline-color has-blue-color\">Resultats<\/span><\/strong><\/a><\/div>\n\n\n\n<div class=\"wp-block-button is-style-outline\"><a class=\"wp-block-button__link\" href=\"https:\/\/drive.google.com\/file\/d\/1KWwXc18uZx70VcsyICdRJcuH-94m05kt\/view?usp=sharing\" target=\"_blank\" rel=\"noreferrer noopener\"><strong><span class=\"has-inline-color has-blue-color\">Parcials<\/span><\/strong><\/a><\/div>\n<\/div>\n\n\n\n<div class=\"wp-block-buttons is-content-justification-center is-layout-flex wp-block-buttons-is-layout-flex\">\n<div class=\"wp-block-button is-style-outline\"><a class=\"wp-block-button__link\" href=\"https:\/\/forms.gle\/bygxbcPkrzvygbpN6\" target=\"_blank\" rel=\"noreferrer noopener\"><strong><span class=\"has-inline-color has-blue-color\">Inscripcions dia de cursa<\/span><\/strong><\/a><\/div>\n<\/div>\n\n\n\n<hr class=\"wp-block-separator is-style-wide\"\/>\n\n\n\n<hr class=\"wp-block-separator\"\/>\n\n\n\n<div class=\"wp-block-buttons is-content-justification-center is-layout-flex wp-block-buttons-is-layout-flex\">\n<div class=\"wp-block-button is-style-outline\"><a class=\"wp-block-button__link\" href=\"https:\/\/drive.google.com\/file\/d\/1nTkgI-z8DAQ6Nqd6E4-1uUbnBtJaNmzZ\/view?usp=sharing\" target=\"_blank\" rel=\"noreferrer noopener\"><strong><span class=\"has-inline-color has-blue-color\">Resultats Trofeu 2 Dies dels Pirineus 2021<\/span><\/strong><\/a><\/div>\n<\/div>\n\n\n\n<hr class=\"wp-block-separator\"\/>\n\n\n\n<div class=\"wp-block-buttons is-content-justification-center is-layout-flex wp-block-buttons-is-layout-flex\">\n<div class=\"wp-block-button is-style-outline\"><a class=\"wp-block-button__link\" href=\"https:\/\/drive.google.com\/drive\/folders\/1DK-fEn61Rbh_d9iYnuQafdo8Ag3dvmOU?usp=sharing\"><strong><span class=\"has-inline-color has-blue-color\">Fotos<\/span><\/strong><\/a><\/div>\n<\/div>\n\n\n\n<hr class=\"wp-block-separator is-style-wide\"\/>\n\n\n\n<div class=\"wp-block-image\"><figure class=\"aligncenter size-large\"><a href=\"http:\/\/xinoxano.orientacio.org\/wordpress\/wp-content\/uploads\/2021\/09\/RETOL-CURSES-XXO-21-1_page-0001.jpg\"><img loading=\"lazy\" decoding=\"async\" width=\"724\" height=\"1024\" src=\"http:\/\/xinoxano.orientacio.org\/wordpress\/wp-content\/uploads\/2021\/09\/RETOL-CURSES-XXO-21-1_page-0001-724x1024.jpg\" alt=\"\" class=\"wp-image-1278\" srcset=\"https:\/\/xinoxano.orientacio.org\/wordpress\/wp-content\/uploads\/2021\/09\/RETOL-CURSES-XXO-21-1_page-0001-724x1024.jpg 724w, https:\/\/xinoxano.orientacio.org\/wordpress\/wp-content\/uploads\/2021\/09\/RETOL-CURSES-XXO-21-1_page-0001-212x300.jpg 212w, https:\/\/xinoxano.orientacio.org\/wordpress\/wp-content\/uploads\/2021\/09\/RETOL-CURSES-XXO-21-1_page-0001-768x1087.jpg 768w, https:\/\/xinoxano.orientacio.org\/wordpress\/wp-content\/uploads\/2021\/09\/RETOL-CURSES-XXO-21-1_page-0001-1085x1536.jpg 1085w, https:\/\/xinoxano.orientacio.org\/wordpress\/wp-content\/uploads\/2021\/09\/RETOL-CURSES-XXO-21-1_page-0001.jpg 1240w\" sizes=\"(max-width: 724px) 100vw, 724px\" \/><\/a><\/figure><\/div>\n","protected":false},"excerpt":{"rendered":"<p>(Aquesta p\u00e0gina cont\u00e9 contingut temporal i nom\u00e9s estar\u00e0 disponible els dies de cursa) Dissabte 23. Campionat de Catalunya Mitja dist\u00e0ncia Diumenge 24. Copa Catalana Llarga dist\u00e0ncia<\/p>\n","protected":false},"author":2,"featured_media":1214,"parent":0,"menu_order":0,"comment_status":"closed","ping_status":"closed","template":"","meta":{"footnotes":""},"_links":{"self":[{"href":"https:\/\/xinoxano.orientacio.org\/wordpress\/index.php?rest_route=\/wp\/v2\/pages\/1227"}],"collection":[{"href":"https:\/\/xinoxano.orientacio.org\/wordpress\/index.php?rest_route=\/wp\/v2\/pages"}],"about":[{"href":"https:\/\/xinoxano.orientacio.org\/wordpress\/index.php?rest_route=\/wp\/v2\/types\/page"}],"author":[{"embeddable":true,"href":"https:\/\/xinoxano.orientacio.org\/wordpress\/index.php?rest_route=\/wp\/v2\/users\/2"}],"replies":[{"embeddable":true,"href":"https:\/\/xinoxano.orientacio.org\/wordpress\/index.php?rest_route=%2Fwp%2Fv2%2Fcomments&post=1227"}],"version-history":[{"count":39,"href":"https:\/\/xinoxano.orientacio.org\/wordpress\/index.php?rest_route=\/wp\/v2\/pages\/1227\/revisions"}],"predecessor-version":[{"id":1777,"href":"https:\/\/xinoxano.orientacio.org\/wordpress\/index.php?rest_route=\/wp\/v2\/pages\/1227\/revisions\/1777"}],"wp:featuredmedia":[{"embeddable":true,"href":"https:\/\/xinoxano.orientacio.org\/wordpress\/index.php?rest_route=\/wp\/v2\/media\/1214"}],"wp:attachment":[{"href":"https:\/\/xinoxano.orientacio.org\/wordpress\/index.php?rest_route=%2Fwp%2Fv2%2Fmedia&parent=1227"}],"curies":[{"name":"wp","href":"https:\/\/api.w.org\/{rel}","templated":true}]}}